{"id":3938,"date":"2025-06-30T07:34:50","date_gmt":"2025-06-30T07:34:50","guid":{"rendered":"https:\/\/www.ayakustumasaj.com\/?page_id=3938"},"modified":"2025-06-30T07:34:53","modified_gmt":"2025-06-30T07:34:53","slug":"masajlar","status":"publish","type":"page","link":"https:\/\/www.ayakustumasaj.com\/index.php\/masajlar\/","title":{"rendered":"Masajlar"},"content":{"rendered":"\n<p><strong>S\u0130Z SADECE RAHATLADI\u011eINIZI D\u00dc\u015e\u00dcN\u00dcRKEN;<\/strong><\/p>\n\n\n\n<p><strong>ASLINDA BEDEN\u0130N\u0130Z KEND\u0130N\u0130 \u015e\u0130FA \u0130LE ONARIYOR!<\/strong><\/p>\n\n\n\n<p>Masaj neden bu kadar etkili?<\/p>\n\n\n\n<p>G\u00fcnl\u00fck ya\u015fam\u0131n stresi, yo\u011fun tempo, hareketsizlik ve yanl\u0131\u015f duru\u015f gibi nedenlerle bedenimizde zamanla biriken gerginlikler hem fiziksel hem zihinsel sa\u011fl\u0131\u011f\u0131m\u0131z\u0131 tehdit edebilir. Masaj, sadece bir rahatlama y\u00f6ntemi de\u011fil; dola\u015f\u0131m\u0131 art\u0131ran, kaslar\u0131 gev\u015feten, toksin at\u0131m\u0131n\u0131 destekleyen, ba\u011f\u0131\u015f\u0131kl\u0131\u011f\u0131 g\u00fc\u00e7lendiren ve genel sa\u011fl\u0131k halini iyile\u015ftiren bir \u015fifa uygulamas\u0131d\u0131r.<\/p>\n\n\n\n<p>Ayak\u00fcst\u00fc Masaj&#8217;da uygulanan masajlar, her biri uzman terapistler taraf\u0131ndan \u00f6zenle yap\u0131lmakta ve ki\u015finin ihtiyac\u0131na g\u00f6re \u015fekillendirilmektedir. Klasik masajdan derin dokuya, Thai masaj\u0131ndan lenf drenaja, hamile masaj\u0131ndan medikal masaja kadar geni\u015f bir yelpazede sunulan uygulamalarla bedeninize ve ruhunuza hak etti\u011fi \u00f6zeni g\u00f6steriyoruz.<\/p>\n\n\n\n<p>Kaslar\u0131n\u0131z gev\u015ferken, zihniniz dinginle\u015fecek; bedeniniz canlanacak.<\/p>\n\n\n\n<p><strong>\u00c7\u00fcnk\u00fc bizce sa\u011fl\u0131k; dokunu\u015fla ba\u015flar.<\/strong><\/p>\n\n\n\n<figure class=\"wp-block-image size-large\"><img fetchpriority=\"high\" decoding=\"async\" width=\"1024\" height=\"576\" src=\"https:\/\/www.ayakustumasaj.com\/wp-content\/uploads\/2025\/06\/WhatsApp-Image-2025-05-15-at-16.36.47-2-1-1024x576.jpeg\" alt=\"\" class=\"wp-image-3898\" srcset=\"https:\/\/www.ayakustumasaj.com\/wp-content\/uploads\/2025\/06\/WhatsApp-Image-2025-05-15-at-16.36.47-2-1-1024x576.jpeg 1024w, https:\/\/www.ayakustumasaj.com\/wp-content\/uploads\/2025\/06\/WhatsApp-Image-2025-05-15-at-16.36.47-2-1-300x169.jpeg 300w, https:\/\/www.ayakustumasaj.com\/wp-content\/uploads\/2025\/06\/WhatsApp-Image-2025-05-15-at-16.36.47-2-1-768x432.jpeg 768w, https:\/\/www.ayakustumasaj.com\/wp-content\/uploads\/2025\/06\/WhatsApp-Image-2025-05-15-at-16.36.47-2-1-1536x864.jpeg 1536w, https:\/\/www.ayakustumasaj.com\/wp-content\/uploads\/2025\/06\/WhatsApp-Image-2025-05-15-at-16.36.47-2-1.jpeg 1599w\" sizes=\"(max-width: 1024px) 100vw, 1024px\" \/><\/figure>\n","protected":false},"excerpt":{"rendered":"<p>S\u0130Z SADECE RAHATLADI\u011eINIZI D\u00dc\u015e\u00dcN\u00dcRKEN; ASLINDA BEDEN\u0130N\u0130Z KEND\u0130N\u0130 \u015e\u0130FA \u0130LE ONARIYOR! Masaj neden bu kadar etkili? G\u00fcnl\u00fck ya\u015fam\u0131n stresi, yo\u011fun tempo, hareketsizlik ve yanl\u0131\u015f duru\u015f gibi nedenlerle bedenimizde zamanla biriken gerginlikler hem fiziksel hem zihinsel sa\u011fl\u0131\u011f\u0131m\u0131z\u0131 tehdit edebilir. Masaj, sadece bir rahatlama y\u00f6ntemi de\u011fil; dola\u015f\u0131m\u0131 art\u0131ran, kaslar\u0131 gev\u015feten, toksin at\u0131m\u0131n\u0131 destekleyen, ba\u011f\u0131\u015f\u0131kl\u0131\u011f\u0131 g\u00fc\u00e7lendiren ve genel sa\u011fl\u0131k [&hellip;]<\/p>\n","protected":false},"author":1,"featured_media":0,"parent":0,"menu_order":0,"comment_status":"closed","ping_status":"closed","template":"","meta":{"footnotes":""},"class_list":["post-3938","page","type-page","status-publish","hentry"],"_links":{"self":[{"href":"https:\/\/www.ayakustumasaj.com\/index.php\/wp-json\/wp\/v2\/pages\/3938","targetHints":{"allow":["GET"]}}],"collection":[{"href":"https:\/\/www.ayakustumasaj.com\/index.php\/wp-json\/wp\/v2\/pages"}],"about":[{"href":"https:\/\/www.ayakustumasaj.com\/index.php\/wp-json\/wp\/v2\/types\/page"}],"author":[{"embeddable":true,"href":"https:\/\/www.ayakustumasaj.com\/index.php\/wp-json\/wp\/v2\/users\/1"}],"replies":[{"embeddable":true,"href":"https:\/\/www.ayakustumasaj.com\/index.php\/wp-json\/wp\/v2\/comments?post=3938"}],"version-history":[{"count":1,"href":"https:\/\/www.ayakustumasaj.com\/index.php\/wp-json\/wp\/v2\/pages\/3938\/revisions"}],"predecessor-version":[{"id":3940,"href":"https:\/\/www.ayakustumasaj.com\/index.php\/wp-json\/wp\/v2\/pages\/3938\/revisions\/3940"}],"wp:attachment":[{"href":"https:\/\/www.ayakustumasaj.com\/index.php\/wp-json\/wp\/v2\/media?parent=3938"}],"curies":[{"name":"wp","href":"https:\/\/api.w.org\/{rel}","templated":true}]}}