{"id":3935,"date":"2025-06-30T07:32:45","date_gmt":"2025-06-30T07:32:45","guid":{"rendered":"https:\/\/www.ayakustumasaj.com\/?page_id=3935"},"modified":"2025-06-30T07:32:47","modified_gmt":"2025-06-30T07:32:47","slug":"detoks","status":"publish","type":"page","link":"https:\/\/www.ayakustumasaj.com\/index.php\/detoks\/","title":{"rendered":"Detoks"},"content":{"rendered":"\n<p><strong><em>ASLINDA TOKS\u0130NLER V\u00dcCUDUMUZU \u0130ST\u0130LA ETM\u0130\u015e DURUMDALAR!<\/em><\/strong><\/p>\n\n\n\n<p><strong>\u0130yon Detoks nedir?<\/strong><\/p>\n\n\n\n<p>Toksinler ciddi sa\u011fl\u0131k riski yaratabilecek olup, haklar\u0131nda \u00e7ok az \u015fey bilinmektedir. \u00dcstelik de, iki veya daha fazla toksin bir araya geldi\u011finde daha g\u00fc\u00e7l\u00fc bir etkiye sahip olup sa\u011fl\u0131\u011f\u0131m\u0131z\u0131 etkilemektedir. Di\u015flerimizdeki c\u0131val\u0131 dolgular, k\u00f6k kanallar\u0131nda anaerobik bakteri, antibiyotik kullan\u0131m\u0131na ba\u011fl\u0131 ba\u011f\u0131rsaklarda anormal bakteriyel flora, kur\u015funlu benzin kullan\u0131ld\u0131\u011f\u0131 d\u00f6nemde kemiklerimizde birikmi\u015f olan kur\u015fun, kan\u0131m\u0131zda dola\u015farak karaci\u011fer metabolizmas\u0131n\u0131 bozan ila\u00e7lar her ge\u00e7en g\u00fcn artmaktad\u0131r. Toksin kaynaklar\u0131n h\u0131zla \u00e7o\u011falmas\u0131ndan dolay\u0131 v\u00fccudumuzu h\u0131zla toksinlerden ar\u0131nd\u0131rmam\u0131z (<strong><u>detoks<\/u><\/strong>) gerekmektedir.<\/p>\n\n\n\n<p>Bedenimizdeki TOKS\u0130NLER (serbest radikaller, art\u0131k madde ve c\u00fcruflar, a\u011f\u0131r metaller) ise pozitif y\u00fckl\u00fcd\u00fcr. Bu i\u015flem esnas\u0131nda serbest durumdaki g\u00fc\u00e7l\u00fc radikaller n\u00f6tralize olacakt\u0131r. N\u00f6tralize olmu\u015f \u00e7ok k\u00fc\u00e7\u00fck ebattaki serbest radikaller (Nano b\u00fcy\u00fckl\u00fck), Deri, Ci\u011fer, B\u00f6brekler ve Ba\u011f\u0131rsaklar \u00fczerinden e\u015fit miktarlarda d\u0131\u015far\u0131ya y\u00f6nlendirilirken, ayn\u0131 zamanda h\u00fccrelerin elektrik kapasiteleri de n\u00f6tralize olur.<\/p>\n","protected":false},"excerpt":{"rendered":"<p>ASLINDA TOKS\u0130NLER V\u00dcCUDUMUZU \u0130ST\u0130LA ETM\u0130\u015e DURUMDALAR! \u0130yon Detoks nedir? Toksinler ciddi sa\u011fl\u0131k riski yaratabilecek olup, haklar\u0131nda \u00e7ok az \u015fey bilinmektedir. \u00dcstelik de, iki veya daha fazla toksin bir araya geldi\u011finde daha g\u00fc\u00e7l\u00fc bir etkiye sahip olup sa\u011fl\u0131\u011f\u0131m\u0131z\u0131 etkilemektedir. Di\u015flerimizdeki c\u0131val\u0131 dolgular, k\u00f6k kanallar\u0131nda anaerobik bakteri, antibiyotik kullan\u0131m\u0131na ba\u011fl\u0131 ba\u011f\u0131rsaklarda anormal bakteriyel flora, kur\u015funlu benzin kullan\u0131ld\u0131\u011f\u0131 [&hellip;]<\/p>\n","protected":false},"author":1,"featured_media":0,"parent":0,"menu_order":0,"comment_status":"closed","ping_status":"closed","template":"","meta":{"footnotes":""},"class_list":["post-3935","page","type-page","status-publish","hentry"],"_links":{"self":[{"href":"https:\/\/www.ayakustumasaj.com\/index.php\/wp-json\/wp\/v2\/pages\/3935","targetHints":{"allow":["GET"]}}],"collection":[{"href":"https:\/\/www.ayakustumasaj.com\/index.php\/wp-json\/wp\/v2\/pages"}],"about":[{"href":"https:\/\/www.ayakustumasaj.com\/index.php\/wp-json\/wp\/v2\/types\/page"}],"author":[{"embeddable":true,"href":"https:\/\/www.ayakustumasaj.com\/index.php\/wp-json\/wp\/v2\/users\/1"}],"replies":[{"embeddable":true,"href":"https:\/\/www.ayakustumasaj.com\/index.php\/wp-json\/wp\/v2\/comments?post=3935"}],"version-history":[{"count":1,"href":"https:\/\/www.ayakustumasaj.com\/index.php\/wp-json\/wp\/v2\/pages\/3935\/revisions"}],"predecessor-version":[{"id":3937,"href":"https:\/\/www.ayakustumasaj.com\/index.php\/wp-json\/wp\/v2\/pages\/3935\/revisions\/3937"}],"wp:attachment":[{"href":"https:\/\/www.ayakustumasaj.com\/index.php\/wp-json\/wp\/v2\/media?parent=3935"}],"curies":[{"name":"wp","href":"https:\/\/api.w.org\/{rel}","templated":true}]}}