{"id":2662,"date":"2018-10-08T01:00:22","date_gmt":"2018-10-08T01:00:22","guid":{"rendered":"http:\/\/nilethemes.com\/wordpress\/belleza_beauty\/?page_id=15"},"modified":"2023-07-16T11:13:03","modified_gmt":"2023-07-16T11:13:03","slug":"home-layout-3","status":"publish","type":"page","link":"https:\/\/www.ayakustumasaj.com\/index.php\/home-layout-3\/","title":{"rendered":"Home Layout 3"},"content":{"rendered":"<p>[vc_row][vc_column width=&#8221;4\/5&#8243; type_layout=&#8221;accordion_1&#8243;]\t\t\t<rs-module-wrap id=\"rev_slider_error_1_wrapper\">\n\t\t\t\t<rs-module id=\"rev_slider_error_1\">\n\t\t\t\t\t<div class=\"rs_error_message_box\">\n\t\t\t\t\t\t<div class=\"rs_error_message_oops\">There is nothing to show here!<\/div>\n\t\t\t\t\t\t<div class=\"rs_error_message_content\">Slider with alias slider-3 not found.<\/div>\n\t\t\t\t\t<\/div>\n\t\t\t\t<\/rs-module>\n\t\t\t<\/rs-module-wrap>\n\t\t\t<script>\n\t\t\t\tvar rs_eslider = document.getElementById(\"rev_slider_error_1\");\n\t\t\t\trs_eslider.style.display = \"none\";\n\t\t\t\tconsole.log(\"Slider with alias slider-3 not found.\");\n\t\t\t<\/script>\n[\/vc_column][\/vc_row][vc_row full_width=&#8221;stretch_row_content&#8221; full_height=&#8221;yes&#8221; columns_placement=&#8221;top&#8221; slider_content=&#8221;&#8221; css=&#8221;.vc_custom_1689504259630{padding-top: 20px !important;padding-bottom: 10px !important;background-color: #f0f1e3 !important;}&#8221;][vc_column][vc_row_inner content_placement=&#8221;bottom&#8221;][vc_column_inner width=&#8221;1\/6&#8243;][\/vc_column_inner][vc_column_inner width=&#8221;2\/3&#8243;][nile_section_title layout_style=&#8221;default_layout&#8221; title_alignment=&#8221;text-center&#8221; before_img=&#8221;227&#8243; title=&#8221;Hizmetlerimiz&#8221; description=&#8221;Ayak\u00fcst\u00fc Masaj Hizmetlerini \u0130nceleyin&#8221;][nile_button button_url=&#8221;url:http%3A%2F%2Fwww.ayakustumasaj.net%2Fhome%2Fonlinerezervasyon.aspx|title:Online%20Rezervasyon||&#8221; button_alignment=&#8221;text-center&#8221; css=&#8221;.vc_custom_1689504305750{padding-top: -100px !important;padding-bottom: 30px !important;}&#8221;][\/vc_column_inner][vc_column_inner width=&#8221;1\/6&#8243;][\/vc_column_inner][\/vc_row_inner][project_grids project_style=&#8221;style_1&#8243; number_posts=&#8221;5&#8243;][\/vc_column][\/vc_row][vc_row slider_content=&#8221;&#8221; css=&#8221;.vc_custom_1539652083376{background-color: #fcfcfc !important;}&#8221;][vc_column css=&#8221;.vc_custom_1539037574968{padding-top: 20px !important;}&#8221;][vc_row_inner][vc_column_inner width=&#8221;1\/2&#8243;][vc_single_image image=&#8221;2772&#8243; img_size=&#8221;full&#8221; alignment=&#8221;center&#8221; css=&#8221;.vc_custom_1624224320373{margin-bottom: 0px !important;padding-bottom: 0px !important;}&#8221;][\/vc_column_inner][vc_column_inner width=&#8221;1\/2&#8243; css=&#8221;.vc_custom_1539651740290{padding-top: 85px !important;}&#8221;][nile_section_title layout_style=&#8221;default_layout&#8221; title_alignment=&#8221;text-left&#8221; title=&#8221;Ho\u015fgeldiniz!&#8221; description=&#8221;&#8221;][vc_column_text css=&#8221;.vc_custom_1624224499928{margin-top: -15px !important;}&#8221;]<span style=\"font-weight: 400;\">Uzakdo\u011fu\u2019ya ve Tayland\u2019a yapt\u0131\u011f\u0131m\u0131z seyahatlerde, gezmekten yorgun d\u00fc\u015fm\u00fc\u015f ayaklar\u0131m\u0131za masaj yapt\u0131r\u0131rken geldi bu proje akl\u0131m\u0131za\u2026<\/span><span style=\"font-weight: 400;\">Gidenler bilirler, masaj uzakdo\u011fuda spalarda, otellerde de\u011fil, sokaklarda \u015fezlonglarda \u00e7ok \u00e7ok uygun fiyatlarla, tabiri caizse ayak\u00fcst\u00fc yap\u0131l\u0131r.<\/span><span style=\"font-weight: 400;\">T\u00fcrkiye\u2019de neden bu konseptte, fiyat\u0131 uygun, herkesin yararlanabilece\u011fi bir yer olmas\u0131n diye d\u00fc\u015f\u00fcnd\u00fck ve Ayak\u00fcst\u00fc Masaj\u2019\u0131 Kad\u0131k\u00f6y\u2019de tarihi bir binay\u0131 restore ederek hizmetinize a\u00e7t\u0131k.<\/span>[\/vc_column_text][\/vc_column_inner][\/vc_row_inner][\/vc_column][\/vc_row][vc_row slider_content=&#8221;&#8221; css=&#8221;.vc_custom_1539652140728{padding-top: 100px !important;padding-bottom: 100px !important;background-color: #f0f1e3 !important;}&#8221;][vc_column][vc_row_inner][vc_column_inner width=&#8221;1\/6&#8243;][\/vc_column_inner][vc_column_inner width=&#8221;2\/3&#8243;][nile_section_title layout_style=&#8221;default_layout&#8221; title_alignment=&#8221;text-center&#8221; before_img=&#8221;227&#8243; title=&#8221;Foto\u011fraflarla Ayak\u00fcst\u00fc Masaj&#8221; description=&#8221;Foto\u011fraf galerimizi ziyaret ederek bizi daha yak\u0131ndan tan\u0131yabilirsiniz.&#8221;][\/vc_column_inner][vc_column_inner width=&#8221;1\/6&#8243;][\/vc_column_inner][\/vc_row_inner][vc_row_inner][vc_column_inner][nile_masonry_gallery masonry_gallery=&#8221;2736,2735,2734,2733,2731,2730,2737,2738,2739,2744,2748,2749,2752,2754,2756,2758,2767,2750&#8243; gallery_layout=&#8221;columns_4_layout&#8221;][\/vc_column_inner][\/vc_row_inner][\/vc_column][\/vc_row][vc_row slider_content=&#8221;&#8221; css=&#8221;.vc_custom_1554504053446{padding-top: 100px !important;padding-bottom: 70px !important;background-color: #ffffff !important;}&#8221;][vc_column][vc_row_inner][vc_column_inner width=&#8221;1\/6&#8243;][\/vc_column_inner][vc_column_inner width=&#8221;2\/3&#8243;][nile_section_title layout_style=&#8221;default_layout&#8221; title_alignment=&#8221;text-center&#8221; before_img=&#8221;227&#8243; title=&#8221;Etkinlik &amp; Haberler&#8221; description=&#8221;G\u00fcncel haberler, duyurular ve sizler i\u00e7in yay\u0131nlayaca\u011f\u0131m\u0131z makaleleri buradan takip edebilirsiniz.&#8221;][\/vc_column_inner][vc_column_inner width=&#8221;1\/6&#8243;][\/vc_column_inner][\/vc_row_inner][nile_blog_layout post_layout=&#8221;blog_layout_1&#8243;][\/vc_column][\/vc_row][vc_row parallax=&#8221;content-moving&#8221; parallax_image=&#8221;146&#8243; slider_content=&#8221;&#8221; css=&#8221;.vc_custom_1539161945919{padding-top: 140px !important;padding-bottom: 140px !important;}&#8221;][vc_column][nile_call_to_action call_action_style=&#8221;default&#8221; call_action_title=&#8221;Uzman ve Deneyimli Ekip&#8221; description=&#8221;Masaj\u0131n yan\u0131 s\u0131ra Wellness, Anti-Aging, Ar\u0131nma Terapileri, Reiki, Yoga&#8221; text_content=&#8221;Masaj\u0131n yan\u0131 s\u0131ra, art\u0131k Wellness, Anti-Aging, Ar\u0131nma Terapileri, Reiki, Yoga gibi sizlerin hayat\u0131na pozitif katk\u0131lar sa\u011flayacak pek \u00e7ok uygulamam\u0131z var.&#8221;][\/vc_column][\/vc_row]<\/p>\n","protected":false},"excerpt":{"rendered":"<p>[vc_row][vc_column width=&#8221;4\/5&#8243; type_layout=&#8221;accordion_1&#8243;][\/vc_column][\/vc_row][vc_row full_width=&#8221;stretch_row_content&#8221; full_height=&#8221;yes&#8221; columns_placement=&#8221;top&#8221; slider_content=&#8221;&#8221; css=&#8221;.vc_custom_1689504259630{padding-top: 20px !important;padding-bottom: 10px !important;background-color: #f0f1e3 !important;}&#8221;][vc_column][vc_row_inner content_placement=&#8221;bottom&#8221;][vc_column_inner width=&#8221;1\/6&#8243;][\/vc_column_inner][vc_column_inner width=&#8221;2\/3&#8243;][nile_section_title layout_style=&#8221;default_layout&#8221; title_alignment=&#8221;text-center&#8221; before_img=&#8221;227&#8243; title=&#8221;Hizmetlerimiz&#8221; description=&#8221;Ayak\u00fcst\u00fc Masaj Hizmetlerini \u0130nceleyin&#8221;][nile_button button_url=&#8221;url:http%3A%2F%2Fwww.ayakustumasaj.net%2Fhome%2Fonlinerezervasyon.aspx|title:Online%20Rezervasyon||&#8221; button_alignment=&#8221;text-center&#8221; css=&#8221;.vc_custom_1689504305750{padding-top: -100px !important;padding-bottom: 30px !important;}&#8221;][\/vc_column_inner][vc_column_inner width=&#8221;1\/6&#8243;][\/vc_column_inner][\/vc_row_inner][project_grids project_style=&#8221;style_1&#8243; number_posts=&#8221;5&#8243;][\/vc_column][\/vc_row][vc_row slider_content=&#8221;&#8221; css=&#8221;.vc_custom_1539652083376{background-color: #fcfcfc !important;}&#8221;][vc_column css=&#8221;.vc_custom_1539037574968{padding-top: 20px !important;}&#8221;][vc_row_inner][vc_column_inner width=&#8221;1\/2&#8243;][vc_single_image image=&#8221;2772&#8243; img_size=&#8221;full&#8221; alignment=&#8221;center&#8221; css=&#8221;.vc_custom_1624224320373{margin-bottom: 0px !important;padding-bottom: 0px !important;}&#8221;][\/vc_column_inner][vc_column_inner width=&#8221;1\/2&#8243; css=&#8221;.vc_custom_1539651740290{padding-top: 85px !important;}&#8221;][nile_section_title [&hellip;]<\/p>\n","protected":false},"author":1,"featured_media":0,"parent":0,"menu_order":0,"comment_status":"closed","ping_status":"closed","template":"page-templates\/home-page.php","meta":{"footnotes":""},"class_list":["post-2662","page","type-page","status-publish","hentry"],"_links":{"self":[{"href":"https:\/\/www.ayakustumasaj.com\/index.php\/wp-json\/wp\/v2\/pages\/2662","targetHints":{"allow":["GET"]}}],"collection":[{"href":"https:\/\/www.ayakustumasaj.com\/index.php\/wp-json\/wp\/v2\/pages"}],"about":[{"href":"https:\/\/www.ayakustumasaj.com\/index.php\/wp-json\/wp\/v2\/types\/page"}],"author":[{"embeddable":true,"href":"https:\/\/www.ayakustumasaj.com\/index.php\/wp-json\/wp\/v2\/users\/1"}],"replies":[{"embeddable":true,"href":"https:\/\/www.ayakustumasaj.com\/index.php\/wp-json\/wp\/v2\/comments?post=2662"}],"version-history":[{"count":18,"href":"https:\/\/www.ayakustumasaj.com\/index.php\/wp-json\/wp\/v2\/pages\/2662\/revisions"}],"predecessor-version":[{"id":2919,"href":"https:\/\/www.ayakustumasaj.com\/index.php\/wp-json\/wp\/v2\/pages\/2662\/revisions\/2919"}],"wp:attachment":[{"href":"https:\/\/www.ayakustumasaj.com\/index.php\/wp-json\/wp\/v2\/media?parent=2662"}],"curies":[{"name":"wp","href":"https:\/\/api.w.org\/{rel}","templated":true}]}}