{"id":2661,"date":"2018-10-08T01:00:12","date_gmt":"2018-10-08T01:00:12","guid":{"rendered":"http:\/\/nilethemes.com\/wordpress\/belleza_beauty\/?page_id=13"},"modified":"2021-07-29T22:15:50","modified_gmt":"2021-07-29T22:15:50","slug":"home-layout-2","status":"publish","type":"page","link":"https:\/\/www.ayakustumasaj.com\/index.php\/home-layout-2\/","title":{"rendered":"Home Layout 2"},"content":{"rendered":"<p>[vc_row][vc_column]\n\t\t\t<!-- START slider 2 REVOLUTION SLIDER 6.7.31 --><p class=\"rs-p-wp-fix\"><\/p>\n\t\t\t<rs-module-wrap id=\"rev_slider_2_1_wrapper\" data-source=\"gallery\" style=\"visibility:hidden;background:transparent;padding:0;margin:0px auto;margin-top:0;margin-bottom:0;\">\n\t\t\t\t<rs-module id=\"rev_slider_2_1\" style=\"\" data-version=\"6.7.31\">\n\t\t\t\t\t<rs-slides style=\"overflow: hidden; position: absolute;\">\n\t\t\t\t\t\t<rs-slide style=\"position: absolute;\" data-key=\"rs-3\" data-title=\"Slide\" data-thumb=\"\/\/www.ayakustumasaj.com\/wp-content\/uploads\/revslider\/slider 2\/slider_4-1-100x35.jpg\" data-anim=\"ms:default,default;r:,0;\" data-in=\"y:-100%;\" data-out=\"a:false;\" data-alttrans=\"slideremoveleft\">\n\t\t\t\t\t\t\t<img decoding=\"async\" src=\"\/\/www.ayakustumasaj.com\/wp-content\/plugins\/revslider\/sr6\/assets\/assets\/dummy.png\" alt=\"\" title=\"Home Layout 2\" class=\"rev-slidebg tp-rs-img rs-lazyload\" data-lazyload=\"\/\/www.ayakustumasaj.com\/wp-content\/uploads\/revslider\/slider 2\/slider_4-1.jpg\" data-no-retina>\n<!--\n\t\t\t\t\t\t\t--><rs-layer\n\t\t\t\t\t\t\t\tid=\"slider-2-slide-3-layer-7\" \n\t\t\t\t\t\t\t\tclass=\"tp-shape tp-shapewrapper\"\n\t\t\t\t\t\t\t\tdata-type=\"shape\"\n\t\t\t\t\t\t\t\tdata-rsp_ch=\"on\"\n\t\t\t\t\t\t\t\tdata-xy=\"x:l,l,l,c;xo:-88px,-710px,-556px,0;yo:-672px,-1px,-10px,-21px;\"\n\t\t\t\t\t\t\t\tdata-text=\"a:left,inherit,inherit,inherit;\"\n\t\t\t\t\t\t\t\tdata-dim=\"w:300,2665px,2109px,892px;h:180,672,669,666;\"\n\t\t\t\t\t\t\t\tdata-frame_0=\"tp:600;\"\n\t\t\t\t\t\t\t\tdata-frame_1=\"tp:600;sR:10;\"\n\t\t\t\t\t\t\t\tdata-frame_999=\"o:0;tp:600;st:w;sR:8690;\"\n\t\t\t\t\t\t\t\tstyle=\"z-index:5;background-color:rgba(255,255,255,0.5);\"\n\t\t\t\t\t\t\t> \n\t\t\t\t\t\t\t<\/rs-layer><!--\n\n\t\t\t\t\t\t\t--><rs-layer\n\t\t\t\t\t\t\t\tid=\"slider-2-slide-3-layer-5\" \n\t\t\t\t\t\t\t\tdata-type=\"text\"\n\t\t\t\t\t\t\t\tdata-color=\"#000000\"\n\t\t\t\t\t\t\t\tdata-rsp_ch=\"on\"\n\t\t\t\t\t\t\t\tdata-xy=\"x:l,l,l,c;xo:33px,50px,50px,0;yo:182px,202px,202px,202px;\"\n\t\t\t\t\t\t\t\tdata-text=\"s:16;l:22;fw:700;a:inherit;\"\n\t\t\t\t\t\t\t\tdata-frame_0=\"y:50px;tp:600;\"\n\t\t\t\t\t\t\t\tdata-frame_1=\"tp:600;sp:910;sR:10;\"\n\t\t\t\t\t\t\t\tdata-frame_999=\"o:0;tp:600;st:w;sR:8080;\"\n\t\t\t\t\t\t\t\tstyle=\"z-index:6;font-family:'Raleway';text-transform:capitalize;\"\n\t\t\t\t\t\t\t>Women's Perfumes Brands  \n\t\t\t\t\t\t\t<\/rs-layer><!--\n\n\t\t\t\t\t\t\t--><rs-layer\n\t\t\t\t\t\t\t\tid=\"slider-2-slide-3-layer-1\" \n\t\t\t\t\t\t\t\tdata-type=\"text\"\n\t\t\t\t\t\t\t\tdata-color=\"#f63269\"\n\t\t\t\t\t\t\t\tdata-rsp_ch=\"on\"\n\t\t\t\t\t\t\t\tdata-xy=\"x:l,l,l,c;xo:27px,38px,38px,0;y:m,m,m,t;yo:-46px,-26px,-26px,241px;\"\n\t\t\t\t\t\t\t\tdata-text=\"s:90,90,90,45;l:55,55,55,60;ls:-3px,-3px,-3px,0;fw:600,600,600,700;a:inherit;\"\n\t\t\t\t\t\t\t\tdata-frame_0=\"y:50px;tp:600;\"\n\t\t\t\t\t\t\t\tdata-frame_1=\"tp:600;st:520;sp:770;sR:520;\"\n\t\t\t\t\t\t\t\tdata-frame_999=\"o:0;tp:600;st:w;sR:7710;\"\n\t\t\t\t\t\t\t\tstyle=\"z-index:7;font-family:'Poppins';\"\n\t\t\t\t\t\t\t>Beauty Salon \n\t\t\t\t\t\t\t<\/rs-layer><!--\n\n\t\t\t\t\t\t\t--><rs-layer\n\t\t\t\t\t\t\t\tid=\"slider-2-slide-3-layer-3\" \n\t\t\t\t\t\t\t\tclass=\"rev-btn\"\n\t\t\t\t\t\t\t\tdata-type=\"button\"\n\t\t\t\t\t\t\t\tdata-color=\"rgba(255,255,255,1)\"\n\t\t\t\t\t\t\t\tdata-xy=\"x:l,l,l,c;xo:30px,41px,41px,-2px;yo:385px,387px,387px,324px;\"\n\t\t\t\t\t\t\t\tdata-text=\"s:15;l:17;fw:500;a:inherit;\"\n\t\t\t\t\t\t\t\tdata-rsp_bd=\"off\"\n\t\t\t\t\t\t\t\tdata-padding=\"t:18,12,12,12;r:50,35,35,35;b:18,12,12,12;l:50,35,35,35;\"\n\t\t\t\t\t\t\t\tdata-frame_0=\"o:1;tp:600;\"\n\t\t\t\t\t\t\t\tdata-frame_1=\"tp:600;st:1300;sp:820;sR:1300;\"\n\t\t\t\t\t\t\t\tdata-frame_999=\"o:0;tp:600;st:w;sR:6880;\"\n\t\t\t\t\t\t\t\tdata-frame_hover=\"bgc:#ff3a2d;boc:#000;bor:5px,5px,5px,5px;bos:solid;oX:50;oY:50;sp:0;e:none;\"\n\t\t\t\t\t\t\t\tstyle=\"z-index:8;background-color:rgba(246,50,105,0.75);font-family:'Poppins';text-transform:uppercase;cursor:pointer;outline:none;box-shadow:none;box-sizing:border-box;-moz-box-sizing:border-box;-webkit-box-sizing:border-box;\"\n\t\t\t\t\t\t\t>More info \n\t\t\t\t\t\t\t<\/rs-layer><!--\n\n\t\t\t\t\t\t\t--><rs-layer\n\t\t\t\t\t\t\t\tid=\"slider-2-slide-3-layer-9\" \n\t\t\t\t\t\t\t\tclass=\"rev-btn\"\n\t\t\t\t\t\t\t\tdata-type=\"button\"\n\t\t\t\t\t\t\t\tdata-color=\"#828282\"\n\t\t\t\t\t\t\t\tdata-xy=\"xo:236px,-500px,-500px,-500px;yo:385px,358px,-500px,-500px;\"\n\t\t\t\t\t\t\t\tdata-text=\"s:15;l:17;fw:500;a:inherit;\"\n\t\t\t\t\t\t\t\tdata-rsp_bd=\"off\"\n\t\t\t\t\t\t\t\tdata-padding=\"t:16;r:50;b:16;l:50;\"\n\t\t\t\t\t\t\t\tdata-border=\"bos:solid;boc:#828282;bow:2px,2px,2px,2px;bor:3px,3px,3px,3px;\"\n\t\t\t\t\t\t\t\tdata-frame_0=\"y:50px;tp:600;\"\n\t\t\t\t\t\t\t\tdata-frame_1=\"tp:600;st:1750;sp:940;sR:1750;\"\n\t\t\t\t\t\t\t\tdata-frame_999=\"o:0;tp:600;st:w;sR:6310;\"\n\t\t\t\t\t\t\t\tdata-frame_hover=\"c:#000;bgc:rgba(255,255,255,0);boc:#000;bor:3px,3px,3px,3px;bos:solid;bow:2px,2px,2px,2px;oX:50;oY:50;sp:0;e:none;\"\n\t\t\t\t\t\t\t\tstyle=\"z-index:9;background-color:rgba(0,0,0,0);font-family:'Poppins';text-transform:uppercase;cursor:pointer;outline:none;box-shadow:none;box-sizing:border-box;-moz-box-sizing:border-box;-webkit-box-sizing:border-box;\"\n\t\t\t\t\t\t\t>Click Here \n\t\t\t\t\t\t\t<\/rs-layer><!--\n-->\t\t\t\t\t<\/rs-slide>\n\t\t\t\t\t\t<rs-slide style=\"position: absolute;\" data-key=\"rs-4\" data-title=\"Slide\" data-thumb=\"\/\/www.ayakustumasaj.com\/wp-content\/uploads\/revslider\/slider 2\/call-action-2-100x35.jpg\" data-anim=\"ms:default,default;r:,0;\" data-in=\"y:-100%;\" data-out=\"a:false;\" data-alttrans=\"slideremoveleft\">\n\t\t\t\t\t\t\t<img decoding=\"async\" src=\"\/\/www.ayakustumasaj.com\/wp-content\/plugins\/revslider\/sr6\/assets\/assets\/dummy.png\" alt=\"\" title=\"Home Layout 2\" class=\"rev-slidebg tp-rs-img rs-lazyload\" data-lazyload=\"\/\/www.ayakustumasaj.com\/wp-content\/uploads\/revslider\/slider 2\/call-action-2.jpg\" data-no-retina>\n<!--\n\t\t\t\t\t\t\t--><rs-layer\n\t\t\t\t\t\t\t\tid=\"slider-2-slide-4-layer-7\" \n\t\t\t\t\t\t\t\tclass=\"tp-shape tp-shapewrapper\"\n\t\t\t\t\t\t\t\tdata-type=\"shape\"\n\t\t\t\t\t\t\t\tdata-rsp_ch=\"on\"\n\t\t\t\t\t\t\t\tdata-xy=\"x:l,l,l,c;xo:-88px,-709px,-556px,0;yo:-672px,-1px,-10px,-21px;\"\n\t\t\t\t\t\t\t\tdata-text=\"a:left,inherit,inherit,inherit;\"\n\t\t\t\t\t\t\t\tdata-dim=\"w:300,2665px,2109px,892px;h:180,672,669,666;\"\n\t\t\t\t\t\t\t\tdata-frame_0=\"tp:600;\"\n\t\t\t\t\t\t\t\tdata-frame_1=\"tp:600;sR:10;\"\n\t\t\t\t\t\t\t\tdata-frame_999=\"o:0;tp:600;st:w;sR:8690;\"\n\t\t\t\t\t\t\t\tstyle=\"z-index:5;background-color:rgba(255,255,255,0.5);\"\n\t\t\t\t\t\t\t> \n\t\t\t\t\t\t\t<\/rs-layer><!--\n\n\t\t\t\t\t\t\t--><rs-layer\n\t\t\t\t\t\t\t\tid=\"slider-2-slide-4-layer-5\" \n\t\t\t\t\t\t\t\tdata-type=\"text\"\n\t\t\t\t\t\t\t\tdata-color=\"#000000\"\n\t\t\t\t\t\t\t\tdata-rsp_ch=\"on\"\n\t\t\t\t\t\t\t\tdata-xy=\"x:l,l,l,c;xo:528px,400px,348px,0;yo:198px,212px,212px,202px;\"\n\t\t\t\t\t\t\t\tdata-text=\"s:16;l:22;fw:700;a:inherit;\"\n\t\t\t\t\t\t\t\tdata-frame_0=\"y:50px;tp:600;\"\n\t\t\t\t\t\t\t\tdata-frame_1=\"tp:600;sp:910;sR:10;\"\n\t\t\t\t\t\t\t\tdata-frame_999=\"o:0;tp:600;st:w;sR:8080;\"\n\t\t\t\t\t\t\t\tstyle=\"z-index:6;font-family:'Raleway';text-transform:capitalize;\"\n\t\t\t\t\t\t\t>Women's Perfumes Brands  \n\t\t\t\t\t\t\t<\/rs-layer><!--\n\n\t\t\t\t\t\t\t--><rs-layer\n\t\t\t\t\t\t\t\tid=\"slider-2-slide-4-layer-1\" \n\t\t\t\t\t\t\t\tdata-type=\"text\"\n\t\t\t\t\t\t\t\tdata-color=\"#f63269\"\n\t\t\t\t\t\t\t\tdata-rsp_ch=\"on\"\n\t\t\t\t\t\t\t\tdata-xy=\"x:l,l,l,c;xo:522px,393px,185px,0;y:m,m,m,t;yo:-37px,-33px,-37px,241px;\"\n\t\t\t\t\t\t\t\tdata-text=\"s:90,90,90,45;l:55,55,55,60;ls:-3px,-3px,-3px,0;fw:600,600,600,700;a:inherit;\"\n\t\t\t\t\t\t\t\tdata-frame_0=\"y:50px;tp:600;\"\n\t\t\t\t\t\t\t\tdata-frame_1=\"tp:600;st:520;sp:770;sR:520;\"\n\t\t\t\t\t\t\t\tdata-frame_999=\"o:0;tp:600;st:w;sR:7710;\"\n\t\t\t\t\t\t\t\tstyle=\"z-index:7;font-family:'Poppins';\"\n\t\t\t\t\t\t\t>Beauty Salon \n\t\t\t\t\t\t\t<\/rs-layer><!--\n\n\t\t\t\t\t\t\t--><rs-layer\n\t\t\t\t\t\t\t\tid=\"slider-2-slide-4-layer-3\" \n\t\t\t\t\t\t\t\tclass=\"rev-btn\"\n\t\t\t\t\t\t\t\tdata-type=\"button\"\n\t\t\t\t\t\t\t\tdata-color=\"rgba(255,255,255,1)\"\n\t\t\t\t\t\t\t\tdata-xy=\"x:l,l,l,c;xo:524px,394px,382px,-2px;yo:384px,385px,377px,324px;\"\n\t\t\t\t\t\t\t\tdata-text=\"s:15;l:17;fw:500;a:inherit;\"\n\t\t\t\t\t\t\t\tdata-rsp_bd=\"off\"\n\t\t\t\t\t\t\t\tdata-padding=\"t:18,12,12,12;r:50,35,35,35;b:18,12,12,12;l:50,35,35,35;\"\n\t\t\t\t\t\t\t\tdata-frame_0=\"o:1;tp:600;\"\n\t\t\t\t\t\t\t\tdata-frame_1=\"tp:600;st:1300;sp:820;sR:1300;\"\n\t\t\t\t\t\t\t\tdata-frame_999=\"o:0;tp:600;st:w;sR:6880;\"\n\t\t\t\t\t\t\t\tdata-frame_hover=\"bgc:#ff3a2d;boc:#000;bor:5px,5px,5px,5px;bos:solid;oX:50;oY:50;sp:0;e:none;\"\n\t\t\t\t\t\t\t\tstyle=\"z-index:8;background-color:rgba(246,50,105,0.75);font-family:'Poppins';text-transform:uppercase;cursor:pointer;outline:none;box-shadow:none;box-sizing:border-box;-moz-box-sizing:border-box;-webkit-box-sizing:border-box;\"\n\t\t\t\t\t\t\t>More info \n\t\t\t\t\t\t\t<\/rs-layer><!--\n\n\t\t\t\t\t\t\t--><rs-layer\n\t\t\t\t\t\t\t\tid=\"slider-2-slide-4-layer-9\" \n\t\t\t\t\t\t\t\tclass=\"rev-btn\"\n\t\t\t\t\t\t\t\tdata-type=\"button\"\n\t\t\t\t\t\t\t\tdata-color=\"#828282\"\n\t\t\t\t\t\t\t\tdata-xy=\"xo:739px,-500px,-500px,-500px;yo:384px,358px,-500px,-500px;\"\n\t\t\t\t\t\t\t\tdata-text=\"s:15;l:17;fw:500;a:inherit;\"\n\t\t\t\t\t\t\t\tdata-rsp_bd=\"off\"\n\t\t\t\t\t\t\t\tdata-padding=\"t:16;r:50;b:16;l:50;\"\n\t\t\t\t\t\t\t\tdata-border=\"bos:solid;boc:#828282;bow:2px,2px,2px,2px;bor:3px,3px,3px,3px;\"\n\t\t\t\t\t\t\t\tdata-frame_0=\"y:50px;tp:600;\"\n\t\t\t\t\t\t\t\tdata-frame_1=\"tp:600;st:1750;sp:940;sR:1750;\"\n\t\t\t\t\t\t\t\tdata-frame_999=\"o:0;tp:600;st:w;sR:6310;\"\n\t\t\t\t\t\t\t\tdata-frame_hover=\"c:#000;bgc:rgba(255,255,255,0);boc:#000;bor:3px,3px,3px,3px;bos:solid;bow:2px,2px,2px,2px;oX:50;oY:50;sp:0;e:none;\"\n\t\t\t\t\t\t\t\tstyle=\"z-index:9;background-color:rgba(0,0,0,0);font-family:'Poppins';text-transform:uppercase;cursor:pointer;outline:none;box-shadow:none;box-sizing:border-box;-moz-box-sizing:border-box;-webkit-box-sizing:border-box;\"\n\t\t\t\t\t\t\t>Click Here \n\t\t\t\t\t\t\t<\/rs-layer><!--\n-->\t\t\t\t\t<\/rs-slide>\n\t\t\t\t\t<\/rs-slides>\n\t\t\t\t<\/rs-module>\n\t\t\t\t<script>\n\t\t\t\t\tsetREVStartSize({c: 'rev_slider_2_1',rl:[1240,1024,778,480],el:[],gw:[1170,1024,778,480],gh:[668,668,660,620],type:'standard',justify:'',layout:'fullwidth',mh:\"0\"});if (window.RS_MODULES!==undefined && window.RS_MODULES.modules!==undefined && window.RS_MODULES.modules[\"revslider21\"]!==undefined) {window.RS_MODULES.modules[\"revslider21\"].once = false;window.revapi2 = undefined;if (window.RS_MODULES.checkMinimal!==undefined) window.RS_MODULES.checkMinimal()}\n\t\t\t\t<\/script>\n\t\t\t<\/rs-module-wrap>\n\t\t\t<!-- END REVOLUTION SLIDER -->\n[\/vc_column][\/vc_row][vc_row slider_content=&#8221;&#8221; css=&#8221;.vc_custom_1539641813197{padding-top: 100px !important;padding-bottom: 100px !important;}&#8221;][vc_column][vc_row_inner][vc_column_inner width=&#8221;1\/6&#8243;][\/vc_column_inner][vc_column_inner width=&#8221;2\/3&#8243;][nile_section_title layout_style=&#8221;default_layout&#8221; title_alignment=&#8221;text-center&#8221; before_img=&#8221;160&#8243; title=&#8221;Hizmetlerimiz&#8221; description=&#8221;Ayak\u00fcst\u00fc Masaj Hizmetlerini \u0130nceleyin&#8221;][\/vc_column_inner][vc_column_inner width=&#8221;1\/6&#8243;][\/vc_column_inner][\/vc_row_inner][project_grids project_style=&#8221;style_2&#8243; number_posts=&#8221;6&#8243;][\/vc_column][\/vc_row][vc_row slider_content=&#8221;&#8221; css=&#8221;.vc_custom_1539037154386{background-color: #ffffff !important;}&#8221;][vc_column css=&#8221;.vc_custom_1539037574968{padding-top: 20px !important;}&#8221;][vc_row_inner][vc_column_inner width=&#8221;1\/2&#8243; css=&#8221;.vc_custom_1549210986365{padding-top: 45px !important;}&#8221;][nile_section_title layout_style=&#8221;default_layout&#8221; title_alignment=&#8221;text-left&#8221; title=&#8221;Welcome to Belleza&#8221; description=&#8221;&#8221;][vc_column_text css=&#8221;.vc_custom_1549211036703{margin-top: -20px !important;}&#8221;]Welcome to Belleza Beauty . We are a full service salon in the heart of Woodbridge. At Creative Looks our mission is simple, for more than 10 years we have been providing our clients with quality service with a personal touch. Our casual yet professional environment always ensures that your visit will be an inviting and relaxing experience.[\/vc_column_text][nile_button button_url=&#8221;url:%23|title:Get%20Appointment||&#8221; button_alignment=&#8221;text-left&#8221;][\/vc_column_inner][vc_column_inner width=&#8221;1\/2&#8243;][vc_single_image image=&#8221;78&#8243; img_size=&#8221;full&#8221; alignment=&#8221;center&#8221; css=&#8221;.vc_custom_1539037124283{margin-bottom: 0px !important;padding-bottom: 0px !important;}&#8221;][\/vc_column_inner][\/vc_row_inner][\/vc_column][\/vc_row][vc_row parallax=&#8221;content-moving&#8221; parallax_image=&#8221;146&#8243; slider_content=&#8221;&#8221; css=&#8221;.vc_custom_1539161945919{padding-top: 140px !important;padding-bottom: 140px !important;}&#8221;][vc_column][nile_call_to_action call_action_style=&#8221;default&#8221; description=&#8221;The Natural Enjoyment Spa &amp; Best Service For Any Time&#8221;][\/vc_column][\/vc_row][vc_row slider_content=&#8221;&#8221; css=&#8221;.vc_custom_1539643515924{padding-top: 100px !important;padding-bottom: 100px !important;background-color: #f8f7f5 !important;}&#8221;][vc_column][vc_row_inner][vc_column_inner width=&#8221;1\/6&#8243;][\/vc_column_inner][vc_column_inner width=&#8221;2\/3&#8243;][nile_section_title layout_style=&#8221;default_layout&#8221; title_alignment=&#8221;text-center&#8221; before_img=&#8221;160&#8243; title=&#8221;Our Gallery&#8221; description=&#8221;Our Photo Gallery in Beauty salon&#8221;][\/vc_column_inner][vc_column_inner width=&#8221;1\/6&#8243;][\/vc_column_inner][\/vc_row_inner][vc_row_inner][vc_column_inner][nile_masonry_gallery masonry_gallery=&#8221;111,112,113,114,115,130,117,116&#8243; gallery_layout=&#8221;columns_4_layout&#8221;][\/vc_column_inner][\/vc_row_inner][\/vc_column][\/vc_row][vc_row slider_content=&#8221;&#8221; css=&#8221;.vc_custom_1554503993244{padding-top: 100px !important;padding-bottom: 70px !important;background-color: #ffffff !important;}&#8221;][vc_column][vc_row_inner][vc_column_inner width=&#8221;1\/6&#8243;][\/vc_column_inner][vc_column_inner width=&#8221;2\/3&#8243;][nile_section_title layout_style=&#8221;default_layout&#8221; title_alignment=&#8221;text-center&#8221; before_img=&#8221;160&#8243; title=&#8221;News &amp; Events&#8221; description=&#8221;Our latest news and articles&#8221;][\/vc_column_inner][vc_column_inner width=&#8221;1\/6&#8243;][\/vc_column_inner][\/vc_row_inner][nile_blog_layout post_layout=&#8221;blog_layout_1&#8243;][\/vc_column][\/vc_row]<\/p>\n","protected":false},"excerpt":{"rendered":"<p>[vc_row][vc_column][\/vc_column][\/vc_row][vc_row slider_content=&#8221;&#8221; css=&#8221;.vc_custom_1539641813197{padding-top: 100px !important;padding-bottom: 100px !important;}&#8221;][vc_column][vc_row_inner][vc_column_inner width=&#8221;1\/6&#8243;][\/vc_column_inner][vc_column_inner width=&#8221;2\/3&#8243;][nile_section_title layout_style=&#8221;default_layout&#8221; title_alignment=&#8221;text-center&#8221; before_img=&#8221;160&#8243; title=&#8221;Hizmetlerimiz&#8221; description=&#8221;Ayak\u00fcst\u00fc Masaj Hizmetlerini \u0130nceleyin&#8221;][\/vc_column_inner][vc_column_inner width=&#8221;1\/6&#8243;][\/vc_column_inner][\/vc_row_inner][project_grids project_style=&#8221;style_2&#8243; number_posts=&#8221;6&#8243;][\/vc_column][\/vc_row][vc_row slider_content=&#8221;&#8221; css=&#8221;.vc_custom_1539037154386{background-color: #ffffff !important;}&#8221;][vc_column css=&#8221;.vc_custom_1539037574968{padding-top: 20px !important;}&#8221;][vc_row_inner][vc_column_inner width=&#8221;1\/2&#8243; css=&#8221;.vc_custom_1549210986365{padding-top: 45px !important;}&#8221;][nile_section_title layout_style=&#8221;default_layout&#8221; title_alignment=&#8221;text-left&#8221; title=&#8221;Welcome to Belleza&#8221; description=&#8221;&#8221;][vc_column_text css=&#8221;.vc_custom_1549211036703{margin-top: -20px !important;}&#8221;]Welcome to Belleza Beauty . We are a full service salon in the heart of Woodbridge. [&hellip;]<\/p>\n","protected":false},"author":1,"featured_media":0,"parent":0,"menu_order":0,"comment_status":"closed","ping_status":"closed","template":"page-templates\/home-page.php","meta":{"footnotes":""},"class_list":["post-2661","page","type-page","status-publish","hentry"],"_links":{"self":[{"href":"https:\/\/www.ayakustumasaj.com\/index.php\/wp-json\/wp\/v2\/pages\/2661","targetHints":{"allow":["GET"]}}],"collection":[{"href":"https:\/\/www.ayakustumasaj.com\/index.php\/wp-json\/wp\/v2\/pages"}],"about":[{"href":"https:\/\/www.ayakustumasaj.com\/index.php\/wp-json\/wp\/v2\/types\/page"}],"author":[{"embeddable":true,"href":"https:\/\/www.ayakustumasaj.com\/index.php\/wp-json\/wp\/v2\/users\/1"}],"replies":[{"embeddable":true,"href":"https:\/\/www.ayakustumasaj.com\/index.php\/wp-json\/wp\/v2\/comments?post=2661"}],"version-history":[{"count":3,"href":"https:\/\/www.ayakustumasaj.com\/index.php\/wp-json\/wp\/v2\/pages\/2661\/revisions"}],"predecessor-version":[{"id":2843,"href":"https:\/\/www.ayakustumasaj.com\/index.php\/wp-json\/wp\/v2\/pages\/2661\/revisions\/2843"}],"wp:attachment":[{"href":"https:\/\/www.ayakustumasaj.com\/index.php\/wp-json\/wp\/v2\/media?parent=2661"}],"curies":[{"name":"wp","href":"https:\/\/api.w.org\/{rel}","templated":true}]}}