{"id":1943,"date":"2024-06-25T18:47:22","date_gmt":"2024-06-25T18:47:22","guid":{"rendered":"https:\/\/calista.qodeinteractive.com\/?page_id=1943"},"modified":"2025-07-06T17:45:01","modified_gmt":"2025-07-06T17:45:01","slug":"contact-us-2","status":"publish","type":"page","link":"https:\/\/www.ayakustumasaj.com\/index.php\/contact-us-2\/","title":{"rendered":"Adres ve Telefonlar\u0131m\u0131z"},"content":{"rendered":"\t\t<div data-elementor-type=\"wp-page\" data-elementor-id=\"1943\" class=\"elementor elementor-1943\">\n\t\t\t\t<div class=\"elementor-element elementor-element-1e87c9f6 e-con-full qodef-elementor-content-grid e-flex e-con e-parent\" data-id=\"1e87c9f6\" data-element_type=\"container\">\n\t\t\t\t<div class=\"elementor-element elementor-element-25399408 elementor-widget elementor-widget-camellia_core_google_map\" data-id=\"25399408\" data-element_type=\"widget\" data-widget_type=\"camellia_core_google_map.default\">\n\t\t\t\t<div class=\"elementor-widget-container\">\n\t\t\t\t\t<div class=\"qodef-shortcode qodef-m qodef-google-map\">\n\t<div class=\"qodef-m-map\" id=\"qodef-map-id--75\" data-addresses='[\"98 E Flagler St. Miami, Florida\"]' data-pin=https:\/\/www.ayakustumasaj.com\/wp-content\/uploads\/2024\/09\/pin-icon.png data-unique-id=75 data-height=520><\/div>\n<\/div>\n\t\t\t\t<\/div>\n\t\t\t\t<\/div>\n\t\t\t\t<\/div>\n\t\t<div class=\"elementor-element elementor-element-ab86186 e-con-full qodef-elementor-content-grid e-flex e-con e-parent\" data-id=\"ab86186\" data-element_type=\"container\">\n\t\t<div class=\"elementor-element elementor-element-add43fa e-flex e-con-boxed e-con e-child\" data-id=\"add43fa\" data-element_type=\"container\">\n\t\t\t\t\t<div class=\"e-con-inner\">\n\t\t\t\t<div class=\"elementor-element elementor-element-a5dc6a2 elementor-widget elementor-widget-camellia_core_section_title\" data-id=\"a5dc6a2\" data-element_type=\"widget\" data-widget_type=\"camellia_core_section_title.default\">\n\t\t\t\t<div class=\"elementor-widget-container\">\n\t\t\t\t\t<div class=\"qodef-shortcode qodef-m qodef-section-title qodef-alignment--left\">\n\t<div class=\"qodef-m-section-title-wrapper\">\n\t\t<h5 class=\"qodef-m-title\" >\n\t\t\t\t\tAdresimiz\t\t\t<\/h5>\n\t\t\n\t<\/div>\n\t<\/div>\n\t\t\t\t<\/div>\n\t\t\t\t<\/div>\n\t\t\t\t<div class=\"elementor-element elementor-element-be146ed elementor-widget elementor-widget-text-editor\" data-id=\"be146ed\" data-element_type=\"widget\" data-widget_type=\"text-editor.default\">\n\t\t\t\t<div class=\"elementor-widget-container\">\n\t\t\t\t\t\t\t\t\t<p><a tabindex=\"0\" href=\"https:\/\/www.google.com\/maps\/place\/\/data=!4m2!3m1!1s0x14cab867174c0001:0xdbc8cd3ef30067e6?sa=X&amp;ved=1t:8290&amp;ictx=111\" data-url=\"\/maps\/place\/\/data=!4m2!3m1!1s0x14cab867174c0001:0xdbc8cd3ef30067e6?sa=X&amp;ved=2ahUKEwiY2PiSy5eOAxXNg_0HHR4xKZYQ4kB6BAgCEAA\">Cafera\u011fa, Sarraf Ali Sk. No: 9-13, 34710 Kad\u0131k\u00f6y\/\u0130stanbul<\/a><\/p>\t\t\t\t\t\t\t\t<\/div>\n\t\t\t\t<\/div>\n\t\t\t\t\t<\/div>\n\t\t\t\t<\/div>\n\t\t<div class=\"elementor-element elementor-element-b7595c6 e-flex e-con-boxed e-con e-child\" data-id=\"b7595c6\" data-element_type=\"container\">\n\t\t\t\t\t<div class=\"e-con-inner\">\n\t\t\t\t<div class=\"elementor-element elementor-element-d9d2387 elementor-widget elementor-widget-camellia_core_section_title\" data-id=\"d9d2387\" data-element_type=\"widget\" data-widget_type=\"camellia_core_section_title.default\">\n\t\t\t\t<div class=\"elementor-widget-container\">\n\t\t\t\t\t<div class=\"qodef-shortcode qodef-m qodef-section-title qodef-alignment--left\">\n\t<div class=\"qodef-m-section-title-wrapper\">\n\t\t<h5 class=\"qodef-m-title\" >\n\t\t\t\t\t\u00c7al\u0131\u015fma Saatlerimiz\t\t\t<\/h5>\n\t\t\n\t<\/div>\n\t<\/div>\n\t\t\t\t<\/div>\n\t\t\t\t<\/div>\n\t\t\t\t<div class=\"elementor-element elementor-element-5ff39d7 elementor-widget elementor-widget-text-editor\" data-id=\"5ff39d7\" data-element_type=\"widget\" data-widget_type=\"text-editor.default\">\n\t\t\t\t<div class=\"elementor-widget-container\">\n\t\t\t\t\t\t\t\t\t<p>Hafa \u0130\u00e7i: 10:30-21:30<br \/>Hafta Sonu 10:30-21:30<\/p>\t\t\t\t\t\t\t\t<\/div>\n\t\t\t\t<\/div>\n\t\t\t\t\t<\/div>\n\t\t\t\t<\/div>\n\t\t<div class=\"elementor-element elementor-element-b95f28c e-flex e-con-boxed e-con e-child\" data-id=\"b95f28c\" data-element_type=\"container\">\n\t\t\t\t\t<div class=\"e-con-inner\">\n\t\t\t\t<div class=\"elementor-element elementor-element-ba9e829 elementor-widget elementor-widget-camellia_core_section_title\" data-id=\"ba9e829\" data-element_type=\"widget\" data-widget_type=\"camellia_core_section_title.default\">\n\t\t\t\t<div class=\"elementor-widget-container\">\n\t\t\t\t\t<div class=\"qodef-shortcode qodef-m qodef-section-title qodef-alignment--left\">\n\t<div class=\"qodef-m-section-title-wrapper\">\n\t\t<h5 class=\"qodef-m-title\" >\n\t\t\t\t\t\u0130leti\u015fim\t\t\t<\/h5>\n\t\t\n\t<\/div>\n\t<\/div>\n\t\t\t\t<\/div>\n\t\t\t\t<\/div>\n\t\t\t\t<div class=\"elementor-element elementor-element-97af755 elementor-widget elementor-widget-text-editor\" data-id=\"97af755\" data-element_type=\"widget\" data-widget_type=\"text-editor.default\">\n\t\t\t\t<div class=\"elementor-widget-container\">\n\t\t\t\t\t\t\t\t\t<p><a href=\"mailto:info@ayakustumasaj.com\">info@ayakustumasaj.com<\/a><br \/><a href=\"tel:+902163465566\" data-dtype=\"d3ph\" data-local-attribute=\"d3ph\" data-ved=\"2ahUKEwiY2PiSy5eOAxXNg_0HHR4xKZYQkAgoAHoECDcQAg\"><span aria-label=\"(0216) 346 55 66 Numaral\u0131 Telefonu Ara\">(0216) 346 55 66<\/span><\/a><\/p><p><a href=\"https:\/\/wa.me\/905302348388\">Whatsapp \u0130le \u0130leti\u015fime Ge\u00e7in<br \/>+905302348388\u00a0<\/a><\/p>\t\t\t\t\t\t\t\t<\/div>\n\t\t\t\t<\/div>\n\t\t\t\t\t<\/div>\n\t\t\t\t<\/div>\n\t\t\t\t<\/div>\n\t\t<div class=\"elementor-element elementor-element-c126825 e-con-full e-flex e-con e-parent\" data-id=\"c126825\" data-element_type=\"container\">\n\t\t<div class=\"elementor-element elementor-element-ee7586a e-con-full e-flex e-con e-child\" data-id=\"ee7586a\" data-element_type=\"container\">\n\t\t\t\t<div class=\"elementor-element elementor-element-4e15397d elementor-hidden-tablet elementor-hidden-mobile elementor-widget elementor-widget-camellia_core_image_gallery\" data-id=\"4e15397d\" data-element_type=\"widget\" data-widget_type=\"camellia_core_image_gallery.default\">\n\t\t\t\t<div class=\"elementor-widget-container\">\n\t\t\t\t\t<div class=\"qodef-shortcode qodef-m qodef-image-gallery qodef-hover--border qodef-grid qodef-layout--columns qodef-gutter--custom qodef-vertical-gutter--custom qodef-col-num--2 qodef-responsive--custom qodef-col-num--1512--2 qodef-col-num--1368--2 qodef-col-num--1200--2 qodef-col-num--1024--2 qodef-col-num--880--2 qodef-col-num--680--2 qodef-swiper--show-pagination\" style=\"--qode-gutter-custom: 40px;--qode-vertical-gutter-custom: 40px;--qode-gutter-custom-1512: 40px;--qode-vertical-gutter-custom-1512: 40px;--qode-gutter-custom-1200: 40px;--qode-vertical-gutter-custom-1200: 40px;--qode-gutter-custom-880: 40px;--qode-vertical-gutter-custom-880: 40px\">\n\t<div class=\"qodef-grid-inner\">\n\t\t<div class=\"qodef-e qodef-image-wrapper qodef-grid-item \">\n\t\t\t<a itemprop=\"url\" href=\"https:\/\/www.ayakustumasaj.com\/wp-content\/uploads\/2025\/06\/WhatsApp-Image-2025-05-15-at-16.36.48-3.jpeg\" target=\"_blank\">\n\t\t\t<span class=\"qodef-e-image\">\n\t\t<img fetchpriority=\"high\" decoding=\"async\" width=\"1536\" height=\"2048\" src=\"https:\/\/www.ayakustumasaj.com\/wp-content\/uploads\/2025\/06\/WhatsApp-Image-2025-05-15-at-16.36.48-3.jpeg\" class=\"attachment-full size-full\" alt=\"\" srcset=\"https:\/\/www.ayakustumasaj.com\/wp-content\/uploads\/2025\/06\/WhatsApp-Image-2025-05-15-at-16.36.48-3.jpeg 1536w, https:\/\/www.ayakustumasaj.com\/wp-content\/uploads\/2025\/06\/WhatsApp-Image-2025-05-15-at-16.36.48-3-225x300.jpeg 225w, https:\/\/www.ayakustumasaj.com\/wp-content\/uploads\/2025\/06\/WhatsApp-Image-2025-05-15-at-16.36.48-3-768x1024.jpeg 768w, https:\/\/www.ayakustumasaj.com\/wp-content\/uploads\/2025\/06\/WhatsApp-Image-2025-05-15-at-16.36.48-3-1152x1536.jpeg 1152w\" sizes=\"(max-width: 1536px) 100vw, 1536px\" \/>\t\t<\/span>\n\t\t\t\t<\/a>\n\t<\/div>\n<div class=\"qodef-e qodef-image-wrapper qodef-grid-item \">\n\t\t\t<a itemprop=\"url\" href=\"https:\/\/www.ayakustumasaj.com\/wp-content\/uploads\/2025\/06\/WhatsApp-Image-2025-05-15-at-16.36.48-5.jpeg\" target=\"_blank\">\n\t\t\t<span class=\"qodef-e-image\">\n\t\t<img decoding=\"async\" width=\"1536\" height=\"2048\" src=\"https:\/\/www.ayakustumasaj.com\/wp-content\/uploads\/2025\/06\/WhatsApp-Image-2025-05-15-at-16.36.48-5.jpeg\" class=\"attachment-full size-full\" alt=\"\" srcset=\"https:\/\/www.ayakustumasaj.com\/wp-content\/uploads\/2025\/06\/WhatsApp-Image-2025-05-15-at-16.36.48-5.jpeg 1536w, https:\/\/www.ayakustumasaj.com\/wp-content\/uploads\/2025\/06\/WhatsApp-Image-2025-05-15-at-16.36.48-5-225x300.jpeg 225w, https:\/\/www.ayakustumasaj.com\/wp-content\/uploads\/2025\/06\/WhatsApp-Image-2025-05-15-at-16.36.48-5-768x1024.jpeg 768w, https:\/\/www.ayakustumasaj.com\/wp-content\/uploads\/2025\/06\/WhatsApp-Image-2025-05-15-at-16.36.48-5-1152x1536.jpeg 1152w\" sizes=\"(max-width: 1536px) 100vw, 1536px\" \/>\t\t<\/span>\n\t\t\t\t<\/a>\n\t<\/div>\n\t<\/div>\n<\/div>\n\t\t\t\t<\/div>\n\t\t\t\t<\/div>\n\t\t\t\t<div class=\"elementor-element elementor-element-747b900a elementor-hidden-desktop elementor-widget elementor-widget-camellia_core_image_gallery\" data-id=\"747b900a\" data-element_type=\"widget\" data-widget_type=\"camellia_core_image_gallery.default\">\n\t\t\t\t<div class=\"elementor-widget-container\">\n\t\t\t\t\t<div class=\"qodef-shortcode qodef-m qodef-image-gallery qodef-hover--border qodef-grid qodef-layout--columns qodef-gutter--custom qodef-vertical-gutter--custom qodef-col-num--4 qodef-responsive--custom qodef-col-num--1512--4 qodef-col-num--1368--4 qodef-col-num--1200--4 qodef-col-num--1024--4 qodef-col-num--880--4 qodef-col-num--680--2 qodef-swiper--show-pagination\" style=\"--qode-gutter-custom: 30px;--qode-vertical-gutter-custom: 30px;--qode-gutter-custom-1512: 30px;--qode-vertical-gutter-custom-1512: 30px;--qode-gutter-custom-1200: 30px;--qode-vertical-gutter-custom-1200: 30px;--qode-gutter-custom-880: 30px;--qode-vertical-gutter-custom-880: 30px\">\n\t<div class=\"qodef-grid-inner\">\n\t\t<div class=\"qodef-e qodef-image-wrapper qodef-grid-item \">\n\t\t\t<a itemprop=\"url\" href=\"https:\/\/www.ayakustumasaj.com\/wp-content\/uploads\/2025\/06\/WhatsApp-Image-2025-05-15-at-16.36.47-1.jpeg\" target=\"_blank\">\n\t\t\t<span class=\"qodef-e-image\">\n\t\t<img decoding=\"async\" width=\"1599\" height=\"899\" src=\"https:\/\/www.ayakustumasaj.com\/wp-content\/uploads\/2025\/06\/WhatsApp-Image-2025-05-15-at-16.36.47-1.jpeg\" class=\"attachment-full size-full\" alt=\"\" srcset=\"https:\/\/www.ayakustumasaj.com\/wp-content\/uploads\/2025\/06\/WhatsApp-Image-2025-05-15-at-16.36.47-1.jpeg 1599w, https:\/\/www.ayakustumasaj.com\/wp-content\/uploads\/2025\/06\/WhatsApp-Image-2025-05-15-at-16.36.47-1-300x169.jpeg 300w, https:\/\/www.ayakustumasaj.com\/wp-content\/uploads\/2025\/06\/WhatsApp-Image-2025-05-15-at-16.36.47-1-1024x576.jpeg 1024w, https:\/\/www.ayakustumasaj.com\/wp-content\/uploads\/2025\/06\/WhatsApp-Image-2025-05-15-at-16.36.47-1-768x432.jpeg 768w, https:\/\/www.ayakustumasaj.com\/wp-content\/uploads\/2025\/06\/WhatsApp-Image-2025-05-15-at-16.36.47-1-1536x864.jpeg 1536w\" sizes=\"(max-width: 1599px) 100vw, 1599px\" \/>\t\t<\/span>\n\t\t\t\t<\/a>\n\t<\/div>\n<div class=\"qodef-e qodef-image-wrapper qodef-grid-item \">\n\t\t\t<a itemprop=\"url\" href=\"https:\/\/www.ayakustumasaj.com\/wp-content\/uploads\/2025\/06\/WhatsApp-Image-2025-05-15-at-16.36.47-2-1.jpeg\" target=\"_blank\">\n\t\t\t<span class=\"qodef-e-image\">\n\t\t<img loading=\"lazy\" decoding=\"async\" width=\"1599\" height=\"899\" src=\"https:\/\/www.ayakustumasaj.com\/wp-content\/uploads\/2025\/06\/WhatsApp-Image-2025-05-15-at-16.36.47-2-1.jpeg\" class=\"attachment-full size-full\" alt=\"\" srcset=\"https:\/\/www.ayakustumasaj.com\/wp-content\/uploads\/2025\/06\/WhatsApp-Image-2025-05-15-at-16.36.47-2-1.jpeg 1599w, https:\/\/www.ayakustumasaj.com\/wp-content\/uploads\/2025\/06\/WhatsApp-Image-2025-05-15-at-16.36.47-2-1-300x169.jpeg 300w, https:\/\/www.ayakustumasaj.com\/wp-content\/uploads\/2025\/06\/WhatsApp-Image-2025-05-15-at-16.36.47-2-1-1024x576.jpeg 1024w, https:\/\/www.ayakustumasaj.com\/wp-content\/uploads\/2025\/06\/WhatsApp-Image-2025-05-15-at-16.36.47-2-1-768x432.jpeg 768w, https:\/\/www.ayakustumasaj.com\/wp-content\/uploads\/2025\/06\/WhatsApp-Image-2025-05-15-at-16.36.47-2-1-1536x864.jpeg 1536w\" sizes=\"(max-width: 1599px) 100vw, 1599px\" \/>\t\t<\/span>\n\t\t\t\t<\/a>\n\t<\/div>\n<div class=\"qodef-e qodef-image-wrapper qodef-grid-item \">\n\t\t\t<a itemprop=\"url\" href=\"https:\/\/www.ayakustumasaj.com\/wp-content\/uploads\/2025\/06\/WhatsApp-Image-2025-05-15-at-16.36.47-3.jpeg\" target=\"_blank\">\n\t\t\t<span class=\"qodef-e-image\">\n\t\t<img loading=\"lazy\" decoding=\"async\" width=\"1599\" height=\"899\" src=\"https:\/\/www.ayakustumasaj.com\/wp-content\/uploads\/2025\/06\/WhatsApp-Image-2025-05-15-at-16.36.47-3.jpeg\" class=\"attachment-full size-full\" alt=\"\" srcset=\"https:\/\/www.ayakustumasaj.com\/wp-content\/uploads\/2025\/06\/WhatsApp-Image-2025-05-15-at-16.36.47-3.jpeg 1599w, https:\/\/www.ayakustumasaj.com\/wp-content\/uploads\/2025\/06\/WhatsApp-Image-2025-05-15-at-16.36.47-3-300x169.jpeg 300w, https:\/\/www.ayakustumasaj.com\/wp-content\/uploads\/2025\/06\/WhatsApp-Image-2025-05-15-at-16.36.47-3-1024x576.jpeg 1024w, https:\/\/www.ayakustumasaj.com\/wp-content\/uploads\/2025\/06\/WhatsApp-Image-2025-05-15-at-16.36.47-3-768x432.jpeg 768w, https:\/\/www.ayakustumasaj.com\/wp-content\/uploads\/2025\/06\/WhatsApp-Image-2025-05-15-at-16.36.47-3-1536x864.jpeg 1536w\" sizes=\"(max-width: 1599px) 100vw, 1599px\" \/>\t\t<\/span>\n\t\t\t\t<\/a>\n\t<\/div>\n<div class=\"qodef-e qodef-image-wrapper qodef-grid-item \">\n\t\t\t<a itemprop=\"url\" href=\"https:\/\/www.ayakustumasaj.com\/wp-content\/uploads\/2025\/06\/WhatsApp-Image-2025-05-15-at-16.36.48-1.jpeg\" target=\"_blank\">\n\t\t\t<span class=\"qodef-e-image\">\n\t\t<img loading=\"lazy\" decoding=\"async\" width=\"1536\" height=\"2048\" src=\"https:\/\/www.ayakustumasaj.com\/wp-content\/uploads\/2025\/06\/WhatsApp-Image-2025-05-15-at-16.36.48-1.jpeg\" class=\"attachment-full size-full\" alt=\"\" srcset=\"https:\/\/www.ayakustumasaj.com\/wp-content\/uploads\/2025\/06\/WhatsApp-Image-2025-05-15-at-16.36.48-1.jpeg 1536w, https:\/\/www.ayakustumasaj.com\/wp-content\/uploads\/2025\/06\/WhatsApp-Image-2025-05-15-at-16.36.48-1-225x300.jpeg 225w, https:\/\/www.ayakustumasaj.com\/wp-content\/uploads\/2025\/06\/WhatsApp-Image-2025-05-15-at-16.36.48-1-768x1024.jpeg 768w, https:\/\/www.ayakustumasaj.com\/wp-content\/uploads\/2025\/06\/WhatsApp-Image-2025-05-15-at-16.36.48-1-1152x1536.jpeg 1152w\" sizes=\"(max-width: 1536px) 100vw, 1536px\" \/>\t\t<\/span>\n\t\t\t\t<\/a>\n\t<\/div>\n\t<\/div>\n<\/div>\n\t\t\t\t<\/div>\n\t\t\t\t<\/div>\n\t\t\t\t<\/div>\n\t\t<div class=\"elementor-element elementor-element-3636a81e e-con-full e-flex e-con e-child\" data-id=\"3636a81e\" data-element_type=\"container\">\n\t\t\t\t<div class=\"elementor-element elementor-element-1a28a69 elementor-widget__width-initial elementor-widget-tablet__width-initial elementor-widget-mobile__width-inherit elementor-widget elementor-widget-camellia_core_section_title\" data-id=\"1a28a69\" data-element_type=\"widget\" data-widget_type=\"camellia_core_section_title.default\">\n\t\t\t\t<div class=\"elementor-widget-container\">\n\t\t\t\t\t<div class=\"qodef-shortcode qodef-m qodef-section-title qodef-alignment--center\">\n\t<div class=\"qodef-m-section-title-wrapper\">\n\t\t<h2 class=\"qodef-m-title\" >\n\t\t\t\t\t<a itemprop=\"url\" href=\"https:\/\/\/www.instagram.com\/ayakustumasaj\" target=\"_blank\">\n\t\t\t\t\tBizi \u0130nstagramdan Takip Edin\t\t\t\t\t<\/a>\n\t\t\t<\/h2>\n\t\t<div class=\"qodef-m-svg-decoration\" >\n\t\t\t\t\t<span class=\"qodef-m-svg-decoration-inner qodef--has-appear\">\n\t<svg class=\"qodef-svg--predefined-title-icon qodef-draw-icon\" xmlns=\"http:\/\/www.w3.org\/2000\/svg\" width=\"96.6\" height=\"23.7\" viewBox=\"0 0 96.6 23.7\"><g><path d=\"m44.4 10-5.6 13.4\"\/><path d=\"M41 7.8 33.8 15\"\/><path d=\"m62.8 14.8-7.1-7\"\/><path d=\"M38.7 4.4 27.4 9.1\"\/><path d=\"M58 23.4 52.2 10\"\/><path d=\"M48.4 21V10.7\"\/><path d=\"M58 4.4 69.2 9\"\/><path d=\"M96.6.5h-38A10.3 10.3 0 1 1 38 .5H0\"\/><\/g><\/svg><\/span>\n\t\t\t<\/div>\n\t\n\t<\/div>\n\t\t<p class=\"qodef-m-text\" >instagram\/ayakustumasaj<\/p>\n<\/div>\n\t\t\t\t<\/div>\n\t\t\t\t<\/div>\n\t\t\t\t<\/div>\n\t\t<div class=\"elementor-element elementor-element-67d4e3ef e-con-full elementor-hidden-tablet elementor-hidden-mobile e-flex e-con e-child\" data-id=\"67d4e3ef\" data-element_type=\"container\">\n\t\t\t\t<div class=\"elementor-element elementor-element-23fe1470 elementor-widget elementor-widget-camellia_core_image_gallery\" data-id=\"23fe1470\" data-element_type=\"widget\" data-widget_type=\"camellia_core_image_gallery.default\">\n\t\t\t\t<div class=\"elementor-widget-container\">\n\t\t\t\t\t<div class=\"qodef-shortcode qodef-m qodef-image-gallery qodef-hover--border qodef-grid qodef-layout--columns qodef-gutter--custom qodef-vertical-gutter--custom qodef-col-num--2 qodef-responsive--custom qodef-col-num--1512--2 qodef-col-num--1368--2 qodef-col-num--1200--2 qodef-col-num--1024--2 qodef-col-num--880--2 qodef-col-num--680--2 qodef-swiper--show-pagination\" style=\"--qode-gutter-custom: 40px;--qode-vertical-gutter-custom: 40px;--qode-gutter-custom-1512: 40px;--qode-vertical-gutter-custom-1512: 40px;--qode-gutter-custom-1200: 40px;--qode-vertical-gutter-custom-1200: 40px;--qode-gutter-custom-880: 40px;--qode-vertical-gutter-custom-880: 40px\">\n\t<div class=\"qodef-grid-inner\">\n\t\t<div class=\"qodef-e qodef-image-wrapper qodef-grid-item \">\n\t\t\t<a itemprop=\"url\" href=\"https:\/\/www.ayakustumasaj.com\/wp-content\/uploads\/2025\/06\/WhatsApp-Image-2025-05-15-at-16.36.48-3-1.jpeg\" target=\"_blank\">\n\t\t\t<span class=\"qodef-e-image\">\n\t\t<img loading=\"lazy\" decoding=\"async\" width=\"1536\" height=\"2048\" src=\"https:\/\/www.ayakustumasaj.com\/wp-content\/uploads\/2025\/06\/WhatsApp-Image-2025-05-15-at-16.36.48-3-1.jpeg\" class=\"attachment-full size-full\" alt=\"\" srcset=\"https:\/\/www.ayakustumasaj.com\/wp-content\/uploads\/2025\/06\/WhatsApp-Image-2025-05-15-at-16.36.48-3-1.jpeg 1536w, https:\/\/www.ayakustumasaj.com\/wp-content\/uploads\/2025\/06\/WhatsApp-Image-2025-05-15-at-16.36.48-3-1-225x300.jpeg 225w, https:\/\/www.ayakustumasaj.com\/wp-content\/uploads\/2025\/06\/WhatsApp-Image-2025-05-15-at-16.36.48-3-1-768x1024.jpeg 768w, https:\/\/www.ayakustumasaj.com\/wp-content\/uploads\/2025\/06\/WhatsApp-Image-2025-05-15-at-16.36.48-3-1-1152x1536.jpeg 1152w\" sizes=\"(max-width: 1536px) 100vw, 1536px\" \/>\t\t<\/span>\n\t\t\t\t<\/a>\n\t<\/div>\n<div class=\"qodef-e qodef-image-wrapper qodef-grid-item \">\n\t\t\t<a itemprop=\"url\" href=\"https:\/\/www.ayakustumasaj.com\/wp-content\/uploads\/2025\/06\/WhatsApp-Image-2025-05-15-at-16.36.48-4-1.jpeg\" target=\"_blank\">\n\t\t\t<span class=\"qodef-e-image\">\n\t\t<img loading=\"lazy\" decoding=\"async\" width=\"1536\" height=\"2048\" src=\"https:\/\/www.ayakustumasaj.com\/wp-content\/uploads\/2025\/06\/WhatsApp-Image-2025-05-15-at-16.36.48-4-1.jpeg\" class=\"attachment-full size-full\" alt=\"\" srcset=\"https:\/\/www.ayakustumasaj.com\/wp-content\/uploads\/2025\/06\/WhatsApp-Image-2025-05-15-at-16.36.48-4-1.jpeg 1536w, https:\/\/www.ayakustumasaj.com\/wp-content\/uploads\/2025\/06\/WhatsApp-Image-2025-05-15-at-16.36.48-4-1-225x300.jpeg 225w, https:\/\/www.ayakustumasaj.com\/wp-content\/uploads\/2025\/06\/WhatsApp-Image-2025-05-15-at-16.36.48-4-1-768x1024.jpeg 768w, https:\/\/www.ayakustumasaj.com\/wp-content\/uploads\/2025\/06\/WhatsApp-Image-2025-05-15-at-16.36.48-4-1-1152x1536.jpeg 1152w\" sizes=\"(max-width: 1536px) 100vw, 1536px\" \/>\t\t<\/span>\n\t\t\t\t<\/a>\n\t<\/div>\n\t<\/div>\n<\/div>\n\t\t\t\t<\/div>\n\t\t\t\t<\/div>\n\t\t\t\t<\/div>\n\t\t\t\t<\/div>\n\t\t\t\t<\/div>\n\t\t","protected":false},"excerpt":{"rendered":"<p>Adresimiz Cafera\u011fa, Sarraf Ali Sk. No: 9-13, 34710 Kad\u0131k\u00f6y\/\u0130stanbul \u00c7al\u0131\u015fma Saatlerimiz Hafa \u0130\u00e7i: 10:30-21:30Hafta Sonu 10:30-21:30 \u0130leti\u015fim info@ayakustumasaj.com(0216) 346 55 66 Whatsapp \u0130le \u0130leti\u015fime Ge\u00e7in+905302348388\u00a0 Bizi \u0130nstagramdan Takip Edin instagram\/ayakustumasaj<\/p>\n","protected":false},"author":1,"featured_media":0,"parent":0,"menu_order":0,"comment_status":"closed","ping_status":"closed","template":"page-full-width.php","meta":{"footnotes":""},"class_list":["post-1943","page","type-page","status-publish","hentry"],"_links":{"self":[{"href":"https:\/\/www.ayakustumasaj.com\/index.php\/wp-json\/wp\/v2\/pages\/1943","targetHints":{"allow":["GET"]}}],"collection":[{"href":"https:\/\/www.ayakustumasaj.com\/index.php\/wp-json\/wp\/v2\/pages"}],"about":[{"href":"https:\/\/www.ayakustumasaj.com\/index.php\/wp-json\/wp\/v2\/types\/page"}],"author":[{"embeddable":true,"href":"https:\/\/www.ayakustumasaj.com\/index.php\/wp-json\/wp\/v2\/users\/1"}],"replies":[{"embeddable":true,"href":"https:\/\/www.ayakustumasaj.com\/index.php\/wp-json\/wp\/v2\/comments?post=1943"}],"version-history":[{"count":10,"href":"https:\/\/www.ayakustumasaj.com\/index.php\/wp-json\/wp\/v2\/pages\/1943\/revisions"}],"predecessor-version":[{"id":3987,"href":"https:\/\/www.ayakustumasaj.com\/index.php\/wp-json\/wp\/v2\/pages\/1943\/revisions\/3987"}],"wp:attachment":[{"href":"https:\/\/www.ayakustumasaj.com\/index.php\/wp-json\/wp\/v2\/media?parent=1943"}],"curies":[{"name":"wp","href":"https:\/\/api.w.org\/{rel}","templated":true}]}}