{"id":1513,"date":"2024-06-24T12:48:56","date_gmt":"2024-06-24T12:48:56","guid":{"rendered":"https:\/\/calista.qodeinteractive.com\/?page_id=1513"},"modified":"2026-03-21T13:06:36","modified_gmt":"2026-03-21T13:06:36","slug":"oifste-masaj","status":"publish","type":"page","link":"https:\/\/www.ayakustumasaj.com\/index.php\/oifste-masaj\/","title":{"rendered":"Ofiste Masaj"},"content":{"rendered":"\t\t<div data-elementor-type=\"wp-page\" data-elementor-id=\"1513\" class=\"elementor elementor-1513\">\n\t\t\t\t<div class=\"elementor-element elementor-element-a55424f e-con-full qodef-elementor-content-grid e-flex e-con e-parent\" data-id=\"a55424f\" data-element_type=\"container\" data-settings=\"{&quot;background_background&quot;:&quot;classic&quot;}\">\n\t\t\t\t<div class=\"elementor-element elementor-element-1053057 elementor-widget elementor-widget-text-editor\" data-id=\"1053057\" data-element_type=\"widget\" data-widget_type=\"text-editor.default\">\n\t\t\t\t<div class=\"elementor-widget-container\">\n\t\t\t\t\t\t\t\t\t<h3>Kad\u0131k\u00f6y Moda\u2019da 12 y\u0131l\u0131 a\u015fk\u0131n s\u00fcredir hizmet veren Ayak\u00fcst\u00fc Masaj, \u00e7al\u0131\u015fanlar\u0131n yo\u011fun i\u015f temposu i\u00e7inde k\u0131sa bir mola vererek hem fiziksel hem de zihinsel olarak rahatlamalar\u0131na yard\u0131mc\u0131 olan profesyonel ofis masaj\u0131 hizmeti sunmaktad\u0131r.<\/h3>\t\t\t\t\t\t\t\t<\/div>\n\t\t\t\t<\/div>\n\t\t\t\t<\/div>\n\t\t<div class=\"elementor-element elementor-element-02c7569 e-flex e-con-boxed e-con e-parent\" data-id=\"02c7569\" data-element_type=\"container\">\n\t\t\t\t\t<div class=\"e-con-inner\">\n\t\t\t\t<div class=\"elementor-element elementor-element-4d9d0a1 elementor-widget elementor-widget-text-editor\" data-id=\"4d9d0a1\" data-element_type=\"widget\" data-widget_type=\"text-editor.default\">\n\t\t\t\t<div class=\"elementor-widget-container\">\n\t\t\t\t\t\t\t\t\t<p>Kurumsal firmalar i\u00e7in \u00f6zel olarak tasarlanan bu hizmet sayesinde \u00e7al\u0131\u015fanlar, ofis ortam\u0131ndan ayr\u0131lmadan k\u0131sa s\u00fcreli s\u0131rt ve boyun masaj\u0131 alarak g\u00fcn\u00fcn yorgunlu\u011funu atabilir ve i\u015flerine daha enerjik devam edebilir.<\/p>\t\t\t\t\t\t\t\t<\/div>\n\t\t\t\t<\/div>\n\t\t\t\t\t<\/div>\n\t\t\t\t<\/div>\n\t\t<div class=\"elementor-element elementor-element-3fe6dfa9 e-con-full e-flex e-con e-parent\" data-id=\"3fe6dfa9\" data-element_type=\"container\">\n\t\t<div class=\"elementor-element elementor-element-7542cc2f e-con-full e-flex e-con e-child\" data-id=\"7542cc2f\" data-element_type=\"container\">\n\t\t<div class=\"elementor-element elementor-element-4fdbbbd3 e-con-full e-flex e-con e-child\" data-id=\"4fdbbbd3\" data-element_type=\"container\" data-settings=\"{&quot;background_background&quot;:&quot;classic&quot;}\">\n\t\t\t\t<div class=\"elementor-element elementor-element-724b6839 elementor-widget elementor-widget-camellia_core_section_title\" data-id=\"724b6839\" data-element_type=\"widget\" data-widget_type=\"camellia_core_section_title.default\">\n\t\t\t\t<div class=\"elementor-widget-container\">\n\t\t\t\t\t<div class=\"qodef-shortcode qodef-m qodef-section-title qodef-alignment--left\">\n\t<div class=\"qodef-m-section-title-wrapper\">\n\t\t<h4 class=\"qodef-m-title\" style=\"color: #012129\">\n\t\t\t\t\tHizmet Modeli\t\t\t<\/h4>\n\t\t\n\t<\/div>\n\t\t<p class=\"qodef-m-text\" style=\"margin-top: 8px;color: #012129\">Ofis ortam\u0131nda uygulan\u0131r Ta\u015f\u0131nabilir profesyonel masaj ekipmanlar\u0131 kullan\u0131l\u0131r. Randevu sistemi ile planlan\u0131r. Uygulama s\u00fcreleri genellikle 10-15 dakika aral\u0131\u011f\u0131ndad\u0131r. \u00c7al\u0131\u015fanlar\u0131n i\u015f ak\u0131\u015f\u0131n\u0131 aksatmadan uygulan\u0131r<\/p>\n<\/div>\n\t\t\t\t<\/div>\n\t\t\t\t<\/div>\n\t\t\t\t<\/div>\n\t\t<div class=\"elementor-element elementor-element-8413e8b e-con-full e-flex e-con e-child\" data-id=\"8413e8b\" data-element_type=\"container\" data-settings=\"{&quot;background_background&quot;:&quot;classic&quot;}\">\n\t\t\t\t<\/div>\n\t\t\t\t<\/div>\n\t\t<div class=\"elementor-element elementor-element-246ca840 e-con-full e-flex e-con e-child\" data-id=\"246ca840\" data-element_type=\"container\">\n\t\t<div class=\"elementor-element elementor-element-2e71fc5c e-con-full e-flex e-con e-child\" data-id=\"2e71fc5c\" data-element_type=\"container\" data-settings=\"{&quot;background_background&quot;:&quot;classic&quot;}\">\n\t\t\t\t<div class=\"elementor-element elementor-element-3a152e60 elementor-widget elementor-widget-camellia_core_section_title\" data-id=\"3a152e60\" data-element_type=\"widget\" data-widget_type=\"camellia_core_section_title.default\">\n\t\t\t\t<div class=\"elementor-widget-container\">\n\t\t\t\t\t<div class=\"qodef-shortcode qodef-m qodef-section-title qodef-alignment--left\">\n\t<div class=\"qodef-m-section-title-wrapper\">\n\t\t<h4 class=\"qodef-m-title\" style=\"color: #012129\">\n\t\t\t\t\tNeden Ofis Masaj\u0131?\t\t\t<\/h4>\n\t\t\n\t<\/div>\n\t\t<p class=\"qodef-m-text\" style=\"margin-top: 8px;color: #012129\">\u00c7al\u0131\u015fan mutlulu\u011funu ve motivasyonunu art\u0131r\u0131r. \u0130\u015f verimlili\u011fini destekler. Kas gerginli\u011fini ve stresi azaltmaya yard\u0131mc\u0131 olur. Kurum i\u00e7i \u00e7al\u0131\u015fan memnuniyetine katk\u0131 sa\u011flar<\/p>\n<\/div>\n\t\t\t\t<\/div>\n\t\t\t\t<\/div>\n\t\t\t\t<\/div>\n\t\t<div class=\"elementor-element elementor-element-7e47aa2c e-con-full e-flex e-con e-child\" data-id=\"7e47aa2c\" data-element_type=\"container\" data-settings=\"{&quot;background_background&quot;:&quot;classic&quot;}\">\n\t\t\t\t<\/div>\n\t\t\t\t<\/div>\n\t\t\t\t<\/div>\n\t\t<div class=\"elementor-element elementor-element-53b6b9c e-flex e-con-boxed e-con e-parent\" data-id=\"53b6b9c\" data-element_type=\"container\">\n\t\t\t\t\t<div class=\"e-con-inner\">\n\t\t\t\t<div class=\"elementor-element elementor-element-e926608 elementor-widget elementor-widget-text-editor\" data-id=\"e926608\" data-element_type=\"widget\" data-widget_type=\"text-editor.default\">\n\t\t\t\t<div class=\"elementor-widget-container\">\n\t\t\t\t\t\t\t\t\t<span style=\"text-transform: initial;\"><b>Deneyim ve Referanslar\n<\/b>Ayak\u00fcst\u00fc Masaj bug\u00fcne kadar bir\u00e7ok kurumsal firmada, ofis etkinli\u011finde ve organizasyonda hizmet vermi\u015ftir.<\/span>\n\n<b>Referanslar\u0131m\u0131zdan Baz\u0131lar\u0131:<\/b>\n<div class=\"ref-logos-box\">\n    <style>\n        .ref-logos-box {\n            margin: 18px 0 10px 0;\n            padding: 14px 16px;\n            background: #fafafa;\n            border: 1px solid #ececec;\n            border-radius: 12px;\n            font-family: Arial, Helvetica, sans-serif;\n        }\n\n        .ref-logos-title {\n            margin: 0 0 12px 0;\n            font-size: 18px;\n            font-weight: 700;\n            color: #333;\n        }\n\n        .ref-logos-list {\n            display: flex;\n            flex-wrap: wrap;\n            gap: 10px;\n        }\n\n        .ref-logo-name-only {\n            display: inline-block;\n            padding: 8px 12px;\n            background: #fff;\n            border: 1px solid #e9e9e9;\n            border-radius: 999px;\n            font-size: 14px;\n            color: #555;\n            font-weight: 500;\n            line-height: 1.2;\n            transition: all 0.2s ease;\n        }\n\n        .ref-logo-name-only:hover {\n            border-color: #d7d7d7;\n            box-shadow: 0 4px 12px rgba(0,0,0,0.05);\n        }\n    <\/style>\n\n    <div class=\"ref-logos-title\">Referanslar\u0131m\u0131zdan Baz\u0131lar\u0131<\/div>\n\n    <div class=\"ref-logos-list\">\n        <span class=\"ref-logo-name-only\">Milliyet<\/span>\n        <span class=\"ref-logo-name-only\">General Electric<\/span>\n        <span class=\"ref-logo-name-only\">QNB<\/span>\n        <span class=\"ref-logo-name-only\">BSH<\/span>\n        <span class=\"ref-logo-name-only\">Denge Kimya<\/span>\n        <span class=\"ref-logo-name-only\">R\u00f6nesans Gayrimenkul<\/span>\n        <span class=\"ref-logo-name-only\">Kalev Okullar\u0131<\/span>\n        <span class=\"ref-logo-name-only\">\u00d6zel Sezin Okulu<\/span>\n    <\/div>\n<\/div>\n\n<span style=\"text-transform: initial;\"><b>Etkinlik ve Organizasyonlar<\/b><\/span>\n\n<span style=\"text-transform: initial;\">Ofis uygulamalar\u0131n\u0131n yan\u0131 s\u0131ra;<\/span>\n<ul>\n \t<li>Fuarlar<\/li>\n \t<li>Bayi toplant\u0131lar\u0131<\/li>\n \t<li>Kurumsal etkinlikler<\/li>\n \t<li>A\u00e7\u0131k hava festivalleri<\/li>\n<\/ul>\ngibi organizasyonlarda da k\u0131sa s\u00fcreli masaj deneyimi sunarak kat\u0131l\u0131mc\u0131lar\u0131n ilgisini \u00e7eken ve etkinliklere de\u011fer katan uygulamalar ger\u00e7ekle\u015ftiriyoruz.\n\n12 y\u0131l\u0131 a\u015fk\u0131n deneyimimizle kurumlara ve \u00e7al\u0131\u015fanlar\u0131na k\u00fc\u00e7\u00fck ama etkili bir mola sunuyoruz.\n\nSizlerle i\u015fbirli\u011fi olu\u015fturmaktan \u00e7ok memnun olaca\u011f\u0131m\u0131z\u0131 belirtmek isteriz.\n\nBu hafta i\u00e7inde m\u00fcsait oldu\u011funuz bir zaman diliminde biraraya gelmekten mutluluk duyar\u0131z.\n\nEce Aydo\u011fan\n<span style=\"text-transform: initial;\">Ayak\u00fcst\u00fc Masaj\n<\/span><span style=\"text-transform: initial;\">Kad\u0131k\u00f6y-Moda<\/span>\t\t\t\t\t\t\t\t<\/div>\n\t\t\t\t<\/div>\n\t\t\t\t\t<\/div>\n\t\t\t\t<\/div>\n\t\t\t\t<\/div>\n\t\t","protected":false},"excerpt":{"rendered":"<p>Kad\u0131k\u00f6y Moda\u2019da 12 y\u0131l\u0131 a\u015fk\u0131n s\u00fcredir hizmet veren Ayak\u00fcst\u00fc Masaj, \u00e7al\u0131\u015fanlar\u0131n yo\u011fun i\u015f temposu i\u00e7inde k\u0131sa bir mola vererek hem fiziksel hem de zihinsel olarak rahatlamalar\u0131na yard\u0131mc\u0131 olan profesyonel ofis masaj\u0131 hizmeti sunmaktad\u0131r. Kurumsal firmalar i\u00e7in \u00f6zel olarak tasarlanan bu hizmet sayesinde \u00e7al\u0131\u015fanlar, ofis ortam\u0131ndan ayr\u0131lmadan k\u0131sa s\u00fcreli s\u0131rt ve boyun masaj\u0131 alarak g\u00fcn\u00fcn yorgunlu\u011funu [&hellip;]<\/p>\n","protected":false},"author":1,"featured_media":4043,"parent":0,"menu_order":0,"comment_status":"closed","ping_status":"closed","template":"","meta":{"footnotes":""},"class_list":["post-1513","page","type-page","status-publish","has-post-thumbnail","hentry"],"_links":{"self":[{"href":"https:\/\/www.ayakustumasaj.com\/index.php\/wp-json\/wp\/v2\/pages\/1513","targetHints":{"allow":["GET"]}}],"collection":[{"href":"https:\/\/www.ayakustumasaj.com\/index.php\/wp-json\/wp\/v2\/pages"}],"about":[{"href":"https:\/\/www.ayakustumasaj.com\/index.php\/wp-json\/wp\/v2\/types\/page"}],"author":[{"embeddable":true,"href":"https:\/\/www.ayakustumasaj.com\/index.php\/wp-json\/wp\/v2\/users\/1"}],"replies":[{"embeddable":true,"href":"https:\/\/www.ayakustumasaj.com\/index.php\/wp-json\/wp\/v2\/comments?post=1513"}],"version-history":[{"count":30,"href":"https:\/\/www.ayakustumasaj.com\/index.php\/wp-json\/wp\/v2\/pages\/1513\/revisions"}],"predecessor-version":[{"id":4056,"href":"https:\/\/www.ayakustumasaj.com\/index.php\/wp-json\/wp\/v2\/pages\/1513\/revisions\/4056"}],"wp:featuredmedia":[{"embeddable":true,"href":"https:\/\/www.ayakustumasaj.com\/index.php\/wp-json\/wp\/v2\/media\/4043"}],"wp:attachment":[{"href":"https:\/\/www.ayakustumasaj.com\/index.php\/wp-json\/wp\/v2\/media?parent=1513"}],"curies":[{"name":"wp","href":"https:\/\/api.w.org\/{rel}","templated":true}]}}